{"id":868,"date":"2025-04-08T12:44:54","date_gmt":"2025-04-08T10:44:54","guid":{"rendered":"https:\/\/akeafisios.com\/sobre-mi\/"},"modified":"2025-05-12T12:45:15","modified_gmt":"2025-05-12T10:45:15","slug":"sobre-mi","status":"publish","type":"page","link":"https:\/\/akeafisios.com\/ca\/sobre-mi\/","title":{"rendered":"Sobre Mi"},"content":{"rendered":"\t\t<div data-elementor-type=\"wp-page\" data-elementor-id=\"868\" class=\"elementor elementor-868 elementor-54\" data-elementor-post-type=\"page\">\n\t\t\t\t<div class=\"elementor-element elementor-element-71d03c3 e-flex e-con-boxed e-con e-parent\" data-id=\"71d03c3\" data-element_type=\"container\" data-e-type=\"container\" data-settings=\"{&quot;background_background&quot;:&quot;classic&quot;}\">\n\t\t\t\t\t<div class=\"e-con-inner\">\n\t\t<div class=\"elementor-element elementor-element-de7bd1c e-con-full e-flex e-con e-child\" data-id=\"de7bd1c\" data-element_type=\"container\" data-e-type=\"container\" data-settings=\"{&quot;background_background&quot;:&quot;classic&quot;}\">\n\t\t<div class=\"elementor-element elementor-element-789b01a e-con-full e-flex e-con e-child\" data-id=\"789b01a\" data-element_type=\"container\" data-e-type=\"container\">\n\t\t\t\t<div class=\"elementor-element elementor-element-68de7b9 elementor-widget elementor-widget-heading\" data-id=\"68de7b9\" data-element_type=\"widget\" data-e-type=\"widget\" data-widget_type=\"heading.default\">\n\t\t\t\t<div class=\"elementor-widget-container\">\n\t\t\t\t\t<h2 class=\"elementor-heading-title elementor-size-default\">Hola!<\/h2>\t\t\t\t<\/div>\n\t\t\t\t<\/div>\n\t\t\t\t<div class=\"elementor-element elementor-element-692b7cf elementor-widget__width-initial elementor-widget elementor-widget-heading\" data-id=\"692b7cf\" data-element_type=\"widget\" data-e-type=\"widget\" data-widget_type=\"heading.default\">\n\t\t\t\t<div class=\"elementor-widget-container\">\n\t\t\t\t\t<h2 class=\"elementor-heading-title elementor-size-default\">S\u00f3c Aleth, fundadora d'Akea Fisioter\u00e0pia i Osteopatia.<br><br>\n Amb la meva formaci\u00f3 i experi\u00e8ncia, em dedico a oferir tractaments personalitzats que prioritzen sempre el benestar i la comoditat dels meus clients.<\/h2>\t\t\t\t<\/div>\n\t\t\t\t<\/div>\n\t\t<div class=\"elementor-element elementor-element-ebc92b6 e-con-full e-flex e-con e-child\" data-id=\"ebc92b6\" data-element_type=\"container\" data-e-type=\"container\">\n\t\t\t\t<div class=\"elementor-element elementor-element-f099bde elementor-widget elementor-widget-button\" data-id=\"f099bde\" data-element_type=\"widget\" data-e-type=\"widget\" data-widget_type=\"button.default\">\n\t\t\t\t<div class=\"elementor-widget-container\">\n\t\t\t\t\t\t\t\t\t<div class=\"elementor-button-wrapper\">\n\t\t\t\t\t<a class=\"elementor-button elementor-button-link elementor-size-sm\" href=\"#sobremi\">\n\t\t\t\t\t\t<span class=\"elementor-button-content-wrapper\">\n\t\t\t\t\t\t\t\t\t<span class=\"elementor-button-text\">SABER M\u00c9S<\/span>\n\t\t\t\t\t<\/span>\n\t\t\t\t\t<\/a>\n\t\t\t\t<\/div>\n\t\t\t\t\t\t\t\t<\/div>\n\t\t\t\t<\/div>\n\t\t\t\t<\/div>\n\t\t\t\t<\/div>\n\t\t<div class=\"elementor-element elementor-element-5bedb38 e-con-full e-flex e-con e-child\" data-id=\"5bedb38\" data-element_type=\"container\" data-e-type=\"container\">\n\t\t\t\t<div class=\"elementor-element elementor-element-2ee25b0 elementor-widget__width-initial elementor-widget elementor-widget-image\" data-id=\"2ee25b0\" data-element_type=\"widget\" data-e-type=\"widget\" data-widget_type=\"image.default\">\n\t\t\t\t<div class=\"elementor-widget-container\">\n\t\t\t\t\t\t\t\t\t\t\t\t\t\t\t<img fetchpriority=\"high\" decoding=\"async\" width=\"768\" height=\"1024\" src=\"https:\/\/akeafisios.com\/wp-content\/uploads\/2025\/05\/sobre-mi-768x1024.png\" class=\"attachment-large size-large wp-image-926\" alt=\"\" srcset=\"https:\/\/akeafisios.com\/wp-content\/uploads\/2025\/05\/sobre-mi-768x1024.png 768w, https:\/\/akeafisios.com\/wp-content\/uploads\/2025\/05\/sobre-mi-225x300.png 225w, https:\/\/akeafisios.com\/wp-content\/uploads\/2025\/05\/sobre-mi-1152x1536.png 1152w, https:\/\/akeafisios.com\/wp-content\/uploads\/2025\/05\/sobre-mi-1535x2048.png 1535w, https:\/\/akeafisios.com\/wp-content\/uploads\/2025\/05\/sobre-mi-scaled.png 1919w\" sizes=\"(max-width: 768px) 100vw, 768px\" \/>\t\t\t\t\t\t\t\t\t\t\t\t\t\t\t<\/div>\n\t\t\t\t<\/div>\n\t\t\t\t<\/div>\n\t\t\t\t<\/div>\n\t\t\t\t\t<\/div>\n\t\t\t\t<\/div>\n\t\t<div class=\"elementor-element elementor-element-78e0542 e-flex e-con-boxed e-con e-parent\" data-id=\"78e0542\" data-element_type=\"container\" data-e-type=\"container\" id=\"sobremi\">\n\t\t\t\t\t<div class=\"e-con-inner\">\n\t\t<div class=\"elementor-element elementor-element-03434e2 e-con-full e-flex e-con e-child\" data-id=\"03434e2\" data-element_type=\"container\" data-e-type=\"container\">\n\t\t<div class=\"elementor-element elementor-element-6c3ddd3 e-con-full e-flex e-con e-child\" data-id=\"6c3ddd3\" data-element_type=\"container\" data-e-type=\"container\">\n\t\t\t\t<div class=\"elementor-element elementor-element-93f4871 elementor-widget elementor-widget-text-editor\" data-id=\"93f4871\" data-element_type=\"widget\" data-e-type=\"widget\" data-widget_type=\"text-editor.default\">\n\t\t\t\t<div class=\"elementor-widget-container\">\n\t\t\t\t\t\t\t\t\t<p>El 2008 va finalitzar la diplomatura de fisioter\u00e0pia i m&#8217;introdueixo al m\u00f3n laboral a trav\u00e9s d&#8217;una cl\u00ednica de rehabilitaci\u00f3. Durant anys ampli la meva formaci\u00f3 realitzant un postgrau en fisioter\u00e0pia esportiva el m\u00e0ster d&#8217;osteopatia entre altres formacions, fins que el 2019 decideixo crear Akea Fisioter\u00e0pia i Osteopatia.<\/p><p>Akea Fisioter\u00e0pia i Osteopatia neix de la necessitat de tenir un espai on hi hagi prou temps per valorar, tractar i aconsellar el pacient per millorar la seva salut i benestar, ja siguin per lesions esportives, disfuncions o dolors tant aguts com cr\u00f2nics.<\/p><p>\u00c9s molt important per a mi llan\u00e7ar el missatge que per millorar un dolor o una lesi\u00f3 \u00e9s tan important la feina que es fa a consulta com la que es fa fora mitjan\u00e7ant exercicis, pautes, visites a altres professionals, etc.<\/p><p>Se&#8217;m fa impossible separar la fisioter\u00e0pia de l&#8217;osteopatia, encara que tinguin diferents or\u00edgens i evoluci\u00f3, totes dues disciplines tenen com a objectiu millorar la salut del pacient i prevenir lesions posteriors.<\/p>\t\t\t\t\t\t\t\t<\/div>\n\t\t\t\t<\/div>\n\t\t\t\t<\/div>\n\t\t<div class=\"elementor-element elementor-element-ac2e268 e-con-full e-flex e-con e-child\" data-id=\"ac2e268\" data-element_type=\"container\" data-e-type=\"container\">\n\t\t\t\t<div class=\"elementor-element elementor-element-9ee9717 elementor-position-inline-start elementor-view-default elementor-mobile-position-block-start elementor-widget elementor-widget-icon-box\" data-id=\"9ee9717\" data-element_type=\"widget\" data-e-type=\"widget\" data-widget_type=\"icon-box.default\">\n\t\t\t\t<div class=\"elementor-widget-container\">\n\t\t\t\t\t\t\t<div class=\"elementor-icon-box-wrapper\">\n\n\t\t\t\t\t\t<div class=\"elementor-icon-box-icon\">\n\t\t\t\t<span  class=\"elementor-icon\">\n\t\t\t\t<svg aria-hidden=\"true\" class=\"e-font-icon-svg e-fas-circle\" viewBox=\"0 0 512 512\" xmlns=\"http:\/\/www.w3.org\/2000\/svg\"><path d=\"M256 8C119 8 8 119 8 256s111 248 248 248 248-111 248-248S393 8 256 8z\"><\/path><\/svg>\t\t\t\t<\/span>\n\t\t\t<\/div>\n\t\t\t\n\t\t\t\t\t\t<div class=\"elementor-icon-box-content\">\n\n\t\t\t\t\t\t\t\t\t<h3 class=\"elementor-icon-box-title\">\n\t\t\t\t\t\t<span  >\n\t\t\t\t\t\t\tSobre Mi\t\t\t\t\t\t<\/span>\n\t\t\t\t\t<\/h3>\n\t\t\t\t\n\t\t\t\t\n\t\t\t<\/div>\n\t\t\t\n\t\t<\/div>\n\t\t\t\t\t\t<\/div>\n\t\t\t\t<\/div>\n\t\t\t\t<\/div>\n\t\t\t\t<\/div>\n\t\t<div class=\"elementor-element elementor-element-93a90dd e-con-full e-flex e-con e-child\" data-id=\"93a90dd\" data-element_type=\"container\" data-e-type=\"container\">\n\t\t<div class=\"elementor-element elementor-element-33d19b0 e-con-full e-flex e-con e-child\" data-id=\"33d19b0\" data-element_type=\"container\" data-e-type=\"container\">\n\t\t\t\t<div class=\"elementor-element elementor-element-edb0829 elementor-position-inline-start elementor-view-default elementor-mobile-position-block-start elementor-widget elementor-widget-icon-box\" data-id=\"edb0829\" data-element_type=\"widget\" data-e-type=\"widget\" data-widget_type=\"icon-box.default\">\n\t\t\t\t<div class=\"elementor-widget-container\">\n\t\t\t\t\t\t\t<div class=\"elementor-icon-box-wrapper\">\n\n\t\t\t\t\t\t<div class=\"elementor-icon-box-icon\">\n\t\t\t\t<span  class=\"elementor-icon\">\n\t\t\t\t<svg aria-hidden=\"true\" class=\"e-font-icon-svg e-fas-circle\" viewBox=\"0 0 512 512\" xmlns=\"http:\/\/www.w3.org\/2000\/svg\"><path d=\"M256 8C119 8 8 119 8 256s111 248 248 248 248-111 248-248S393 8 256 8z\"><\/path><\/svg>\t\t\t\t<\/span>\n\t\t\t<\/div>\n\t\t\t\n\t\t\t\t\t\t<div class=\"elementor-icon-box-content\">\n\n\t\t\t\t\t\t\t\t\t<h3 class=\"elementor-icon-box-title\">\n\t\t\t\t\t\t<span  >\n\t\t\t\t\t\t\tLa meva formaci\u00f3\t\t\t\t\t\t<\/span>\n\t\t\t\t\t<\/h3>\n\t\t\t\t\n\t\t\t\t\n\t\t\t<\/div>\n\t\t\t\n\t\t<\/div>\n\t\t\t\t\t\t<\/div>\n\t\t\t\t<\/div>\n\t\t\t\t<\/div>\n\t\t<div class=\"elementor-element elementor-element-a0d0faf e-con-full e-flex e-con e-child\" data-id=\"a0d0faf\" data-element_type=\"container\" data-e-type=\"container\">\n\t\t\t\t<div class=\"elementor-element elementor-element-4c67760 elementor-widget elementor-widget-text-editor\" data-id=\"4c67760\" data-element_type=\"widget\" data-e-type=\"widget\" data-widget_type=\"text-editor.default\">\n\t\t\t\t<div class=\"elementor-widget-container\">\n\t\t\t\t\t\t\t\t\t<p>&gt; Diplomada en Fisioter\u00e0pia <b>(EUIFN Blanquerna) CFC 7556<\/b><br>&gt; Oste\u00f2pata DO <b>(EOB)<\/b><br>&gt; Postgrau de fisioter\u00e0pia en activitat f\u00edsica i esport <b>(UIC)<\/b><br>&gt; Curs de fisioter\u00e0pia conservadora de la s\u00edndrome del dolor miofascial <b>(CFC)<\/b><br>&gt;  Curs de fisioter\u00e0pia invasiva de la s\u00edndrome del dolor miofascial \u2013 punci\u00f3 seca <b>(CFC)<\/b><br>&gt; Fibr\u00f2lisi amb ganxos <b>(ITNM)<\/b><br>&gt; Reeducaci\u00f3 dels problemes de l&#8217;ATM i trastorns crani-mandibulars i<br> Crani cervicals <b>(EUIFN Blanquerna)<\/b><br>&gt; Enfocament osteop\u00e0tic dels trastorns d&#8217;ATM <b>(Advanced osteopathy)<\/b><br>&gt; Bases nutricionals i ter\u00e0pia ortomolecular per a la cl\u00ednica <b>osteop\u00e0tica (Advanced osteopathy)<\/b><br>&gt; Actualitzaci\u00f3 sobre el tractament del dolor lumbar i cervical <b>(Fisiofocus)<\/b><br>&gt; Curs Trust&#8217;n&#8217;Go <b>(Soma learning)<\/b><\/p>\t\t\t\t\t\t\t\t<\/div>\n\t\t\t\t<\/div>\n\t\t\t\t<\/div>\n\t\t\t\t<\/div>\n\t\t\t\t\t<\/div>\n\t\t\t\t<\/div>\n\t\t<div class=\"elementor-element elementor-element-7fac694 e-flex e-con-boxed e-con e-parent\" data-id=\"7fac694\" data-element_type=\"container\" data-e-type=\"container\">\n\t\t\t\t\t<div class=\"e-con-inner\">\n\t\t<div class=\"elementor-element elementor-element-8d5bd57 e-con-full e-flex e-con e-child\" data-id=\"8d5bd57\" data-element_type=\"container\" data-e-type=\"container\">\n\t\t\t\t<div class=\"elementor-element elementor-element-a137daa elementor-widget-mobile__width-initial elementor-widget elementor-widget-heading\" data-id=\"a137daa\" data-element_type=\"widget\" data-e-type=\"widget\" data-widget_type=\"heading.default\">\n\t\t\t\t<div class=\"elementor-widget-container\">\n\t\t\t\t\t<h2 class=\"elementor-heading-title elementor-size-default\">Tens alguna consulta?<\/h2>\t\t\t\t<\/div>\n\t\t\t\t<\/div>\n\t\t\t\t<div class=\"elementor-element elementor-element-d1bd87f elementor-widget__width-initial elementor-widget elementor-widget-text-editor\" data-id=\"d1bd87f\" data-element_type=\"widget\" data-e-type=\"widget\" data-widget_type=\"text-editor.default\">\n\t\t\t\t<div class=\"elementor-widget-container\">\n\t\t\t\t\t\t\t\t\t<p>No dubtis a contactar-nos. \u00a1Som aqu\u00ed per ajudar-te!<\/p>\t\t\t\t\t\t\t\t<\/div>\n\t\t\t\t<\/div>\n\t\t\t\t<div class=\"elementor-element elementor-element-c8471f7 elementor-align-center elementor-widget elementor-widget-button\" data-id=\"c8471f7\" data-element_type=\"widget\" data-e-type=\"widget\" data-widget_type=\"button.default\">\n\t\t\t\t<div class=\"elementor-widget-container\">\n\t\t\t\t\t\t\t\t\t<div class=\"elementor-button-wrapper\">\n\t\t\t\t\t<a class=\"elementor-button elementor-button-link elementor-size-sm\" href=\"https:\/\/akeafisios.com\/ca\/contacte\/\">\n\t\t\t\t\t\t<span class=\"elementor-button-content-wrapper\">\n\t\t\t\t\t\t\t\t\t<span class=\"elementor-button-text\">CONTACTAR<\/span>\n\t\t\t\t\t<\/span>\n\t\t\t\t\t<\/a>\n\t\t\t\t<\/div>\n\t\t\t\t\t\t\t\t<\/div>\n\t\t\t\t<\/div>\n\t\t\t\t<\/div>\n\t\t\t\t\t<\/div>\n\t\t\t\t<\/div>\n\t\t\t\t<\/div>\n\t\t","protected":false},"excerpt":{"rendered":"<p>Hola! S\u00f3c Aleth, fundadora d&#8217;Akea Fisioter\u00e0pia i Osteopatia. Amb la meva formaci\u00f3 i experi\u00e8ncia, em dedico a oferir tractaments personalitzats que prioritzen sempre el benestar i la comoditat dels meus clients. SABER M\u00c9S El 2008 va finalitzar la diplomatura de fisioter\u00e0pia i m&#8217;introdueixo al m\u00f3n laboral a trav\u00e9s d&#8217;una cl\u00ednica de rehabilitaci\u00f3. Durant anys ampli [&hellip;]<\/p>\n","protected":false},"author":1,"featured_media":0,"parent":0,"menu_order":0,"comment_status":"closed","ping_status":"closed","template":"","meta":{"_acf_changed":false,"footnotes":""},"class_list":["post-868","page","type-page","status-publish","hentry"],"acf":[],"_links":{"self":[{"href":"https:\/\/akeafisios.com\/ca\/wp-json\/wp\/v2\/pages\/868","targetHints":{"allow":["GET"]}}],"collection":[{"href":"https:\/\/akeafisios.com\/ca\/wp-json\/wp\/v2\/pages"}],"about":[{"href":"https:\/\/akeafisios.com\/ca\/wp-json\/wp\/v2\/types\/page"}],"author":[{"embeddable":true,"href":"https:\/\/akeafisios.com\/ca\/wp-json\/wp\/v2\/users\/1"}],"replies":[{"embeddable":true,"href":"https:\/\/akeafisios.com\/ca\/wp-json\/wp\/v2\/comments?post=868"}],"version-history":[{"count":6,"href":"https:\/\/akeafisios.com\/ca\/wp-json\/wp\/v2\/pages\/868\/revisions"}],"predecessor-version":[{"id":930,"href":"https:\/\/akeafisios.com\/ca\/wp-json\/wp\/v2\/pages\/868\/revisions\/930"}],"wp:attachment":[{"href":"https:\/\/akeafisios.com\/ca\/wp-json\/wp\/v2\/media?parent=868"}],"curies":[{"name":"wp","href":"https:\/\/api.w.org\/{rel}","templated":true}]}}