{"id":861,"date":"2025-04-08T12:19:34","date_gmt":"2025-04-08T10:19:34","guid":{"rendered":"https:\/\/akeafisios.com\/serveis\/"},"modified":"2025-05-13T09:39:41","modified_gmt":"2025-05-13T07:39:41","slug":"serveis","status":"publish","type":"page","link":"https:\/\/akeafisios.com\/ca\/serveis\/","title":{"rendered":"Serveis"},"content":{"rendered":"\t\t<div data-elementor-type=\"wp-page\" data-elementor-id=\"861\" class=\"elementor elementor-861 elementor-43\" data-elementor-post-type=\"page\">\n\t\t\t\t<div class=\"elementor-element elementor-element-e8be26e e-flex e-con-boxed e-con e-parent\" data-id=\"e8be26e\" data-element_type=\"container\" data-e-type=\"container\">\n\t\t\t\t\t<div class=\"e-con-inner\">\n\t\t<div class=\"elementor-element elementor-element-b533b30 e-con-full e-flex e-con e-child\" data-id=\"b533b30\" data-element_type=\"container\" data-e-type=\"container\">\n\t\t<div class=\"elementor-element elementor-element-9a9d17a e-con-full e-flex e-con e-child\" data-id=\"9a9d17a\" data-element_type=\"container\" data-e-type=\"container\">\n\t\t\t\t<div class=\"elementor-element elementor-element-b572800 elementor-widget elementor-widget-heading\" data-id=\"b572800\" data-element_type=\"widget\" data-e-type=\"widget\" data-widget_type=\"heading.default\">\n\t\t\t\t<div class=\"elementor-widget-container\">\n\t\t\t\t\t<h2 class=\"elementor-heading-title elementor-size-default\">SERVEIS<\/h2>\t\t\t\t<\/div>\n\t\t\t\t<\/div>\n\t\t\t\t<div class=\"elementor-element elementor-element-7450af1 elementor-widget__width-initial elementor-widget elementor-widget-heading\" data-id=\"7450af1\" data-element_type=\"widget\" data-e-type=\"widget\" data-widget_type=\"heading.default\">\n\t\t\t\t<div class=\"elementor-widget-container\">\n\t\t\t\t\t<h2 class=\"elementor-heading-title elementor-size-default\">Tractaments de fisioter\u00e0pia especialitzats per a tu<\/h2>\t\t\t\t<\/div>\n\t\t\t\t<\/div>\n\t\t\t\t<\/div>\n\t\t<div class=\"elementor-element elementor-element-a16287a e-con-full e-flex e-con e-child\" data-id=\"a16287a\" data-element_type=\"container\" data-e-type=\"container\">\n\t\t<div class=\"elementor-element elementor-element-76a6a90 e-con-full e-flex e-con e-child\" data-id=\"76a6a90\" data-element_type=\"container\" data-e-type=\"container\" data-settings=\"{&quot;background_background&quot;:&quot;classic&quot;}\">\n\t\t\t\t<div class=\"elementor-element elementor-element-cdd8e0d elementor-widget__width-initial elementor-widget elementor-widget-image\" data-id=\"cdd8e0d\" data-element_type=\"widget\" data-e-type=\"widget\" data-widget_type=\"image.default\">\n\t\t\t\t<div class=\"elementor-widget-container\">\n\t\t\t\t\t\t\t\t\t\t\t\t\t\t\t<img fetchpriority=\"high\" decoding=\"async\" width=\"800\" height=\"759\" src=\"https:\/\/akeafisios.com\/wp-content\/uploads\/2025\/05\/terapia-mannual-1024x972.jpg\" class=\"attachment-large size-large wp-image-938\" alt=\"\" srcset=\"https:\/\/akeafisios.com\/wp-content\/uploads\/2025\/05\/terapia-mannual-1024x972.jpg 1024w, https:\/\/akeafisios.com\/wp-content\/uploads\/2025\/05\/terapia-mannual-300x285.jpg 300w, https:\/\/akeafisios.com\/wp-content\/uploads\/2025\/05\/terapia-mannual-768x729.jpg 768w, https:\/\/akeafisios.com\/wp-content\/uploads\/2025\/05\/terapia-mannual-1536x1458.jpg 1536w, https:\/\/akeafisios.com\/wp-content\/uploads\/2025\/05\/terapia-mannual-2048x1944.jpg 2048w\" sizes=\"(max-width: 800px) 100vw, 800px\" \/>\t\t\t\t\t\t\t\t\t\t\t\t\t\t\t<\/div>\n\t\t\t\t<\/div>\n\t\t<div class=\"elementor-element elementor-element-200af0b e-con-full e-flex e-con e-child\" data-id=\"200af0b\" data-element_type=\"container\" data-e-type=\"container\">\n\t\t<div class=\"elementor-element elementor-element-5b67c89 e-con-full e-flex e-con e-child\" data-id=\"5b67c89\" data-element_type=\"container\" data-e-type=\"container\">\n\t\t\t\t<div class=\"elementor-element elementor-element-2b9b6ed elementor-widget elementor-widget-heading\" data-id=\"2b9b6ed\" data-element_type=\"widget\" data-e-type=\"widget\" data-widget_type=\"heading.default\">\n\t\t\t\t<div class=\"elementor-widget-container\">\n\t\t\t\t\t<h2 class=\"elementor-heading-title elementor-size-default\">Ter\u00e0pia Manual<\/h2>\t\t\t\t<\/div>\n\t\t\t\t<\/div>\n\t\t\t\t<div class=\"elementor-element elementor-element-cca96ac elementor-widget__width-initial elementor-widget elementor-widget-text-editor\" data-id=\"cca96ac\" data-element_type=\"widget\" data-e-type=\"widget\" data-widget_type=\"text-editor.default\">\n\t\t\t\t<div class=\"elementor-widget-container\">\n\t\t\t\t\t\t\t\t\t<p>L&#8217;abordatge amb t\u00e8cniques manuals s&#8217;utilitza tant com a m\u00e8tode de raonament, mitjan\u00e7ant tests per avaluar el pacient, com a m\u00e8tode de tractament, a trav\u00e9s de diverses t\u00e8cniques manuals.<\/p>\t\t\t\t\t\t\t\t<\/div>\n\t\t\t\t<\/div>\n\t\t<div class=\"elementor-element elementor-element-4c20f81 e-con-full e-flex e-con e-child\" data-id=\"4c20f81\" data-element_type=\"container\" data-e-type=\"container\">\n\t\t\t\t<div class=\"elementor-element elementor-element-cfc09ee elementor-widget__width-initial elementor-widget elementor-widget-button\" data-id=\"cfc09ee\" data-element_type=\"widget\" data-e-type=\"widget\" data-widget_type=\"button.default\">\n\t\t\t\t<div class=\"elementor-widget-container\">\n\t\t\t\t\t\t\t\t\t<div class=\"elementor-button-wrapper\">\n\t\t\t\t\t<a class=\"elementor-button elementor-button-link elementor-size-sm\" href=\"https:\/\/akeafisios.com\/ca\/reserves\/\">\n\t\t\t\t\t\t<span class=\"elementor-button-content-wrapper\">\n\t\t\t\t\t\t\t\t\t<span class=\"elementor-button-text\">RESERVAR<\/span>\n\t\t\t\t\t<\/span>\n\t\t\t\t\t<\/a>\n\t\t\t\t<\/div>\n\t\t\t\t\t\t\t\t<\/div>\n\t\t\t\t<\/div>\n\t\t\t\t<div class=\"elementor-element elementor-element-0670d55 elementor-widget__width-initial elementor-widget elementor-widget-button\" data-id=\"0670d55\" data-element_type=\"widget\" data-e-type=\"widget\" data-widget_type=\"button.default\">\n\t\t\t\t<div class=\"elementor-widget-container\">\n\t\t\t\t\t\t\t\t\t<div class=\"elementor-button-wrapper\">\n\t\t\t\t\t<a class=\"elementor-button elementor-button-link elementor-size-sm\" href=\"https:\/\/akeafisios.com\/ca\/contacte\/\">\n\t\t\t\t\t\t<span class=\"elementor-button-content-wrapper\">\n\t\t\t\t\t\t\t\t\t<span class=\"elementor-button-text\">+ INFO<\/span>\n\t\t\t\t\t<\/span>\n\t\t\t\t\t<\/a>\n\t\t\t\t<\/div>\n\t\t\t\t\t\t\t\t<\/div>\n\t\t\t\t<\/div>\n\t\t\t\t<\/div>\n\t\t\t\t<\/div>\n\t\t\t\t<\/div>\n\t\t\t\t<\/div>\n\t\t<div class=\"elementor-element elementor-element-2b0b55e e-con-full e-flex e-con e-child\" data-id=\"2b0b55e\" data-element_type=\"container\" data-e-type=\"container\" data-settings=\"{&quot;background_background&quot;:&quot;classic&quot;}\">\n\t\t\t\t<div class=\"elementor-element elementor-element-6b58196 elementor-widget__width-initial elementor-widget elementor-widget-image\" data-id=\"6b58196\" data-element_type=\"widget\" data-e-type=\"widget\" data-widget_type=\"image.default\">\n\t\t\t\t<div class=\"elementor-widget-container\">\n\t\t\t\t\t\t\t\t\t\t\t\t\t\t\t<img decoding=\"async\" width=\"800\" height=\"673\" src=\"https:\/\/akeafisios.com\/wp-content\/uploads\/2025\/05\/puncion-seca-1024x861.jpg\" class=\"attachment-large size-large wp-image-940\" alt=\"\" srcset=\"https:\/\/akeafisios.com\/wp-content\/uploads\/2025\/05\/puncion-seca-1024x861.jpg 1024w, https:\/\/akeafisios.com\/wp-content\/uploads\/2025\/05\/puncion-seca-300x252.jpg 300w, https:\/\/akeafisios.com\/wp-content\/uploads\/2025\/05\/puncion-seca-768x646.jpg 768w, https:\/\/akeafisios.com\/wp-content\/uploads\/2025\/05\/puncion-seca-1536x1292.jpg 1536w, https:\/\/akeafisios.com\/wp-content\/uploads\/2025\/05\/puncion-seca-2048x1722.jpg 2048w\" sizes=\"(max-width: 800px) 100vw, 800px\" \/>\t\t\t\t\t\t\t\t\t\t\t\t\t\t\t<\/div>\n\t\t\t\t<\/div>\n\t\t<div class=\"elementor-element elementor-element-cbc34d1 e-con-full e-flex e-con e-child\" data-id=\"cbc34d1\" data-element_type=\"container\" data-e-type=\"container\">\n\t\t<div class=\"elementor-element elementor-element-7eb185b e-con-full e-flex e-con e-child\" data-id=\"7eb185b\" data-element_type=\"container\" data-e-type=\"container\">\n\t\t\t\t<div class=\"elementor-element elementor-element-518c01c elementor-widget elementor-widget-heading\" data-id=\"518c01c\" data-element_type=\"widget\" data-e-type=\"widget\" data-widget_type=\"heading.default\">\n\t\t\t\t<div class=\"elementor-widget-container\">\n\t\t\t\t\t<h2 class=\"elementor-heading-title elementor-size-default\">Punci\u00f3 Seca<\/h2>\t\t\t\t<\/div>\n\t\t\t\t<\/div>\n\t\t\t\t<div class=\"elementor-element elementor-element-166efe7 elementor-widget__width-initial elementor-widget elementor-widget-text-editor\" data-id=\"166efe7\" data-element_type=\"widget\" data-e-type=\"widget\" data-widget_type=\"text-editor.default\">\n\t\t\t\t<div class=\"elementor-widget-container\">\n\t\t\t\t\t\t\t\t\t<p><span style=\"white-space-collapse: preserve;\">T\u00e8cnica de fisioter\u00e0pia invasiva mitjan\u00e7ant agulla, utilitzada per tractar el dolor miofascial originat per un punt gallet, per tal d&#8217;alleujar la tensi\u00f3 muscular i millorar-ne la funci\u00f3 afectada.<\/span><\/p>\t\t\t\t\t\t\t\t<\/div>\n\t\t\t\t<\/div>\n\t\t<div class=\"elementor-element elementor-element-2bec9ed e-con-full e-flex e-con e-child\" data-id=\"2bec9ed\" data-element_type=\"container\" data-e-type=\"container\">\n\t\t\t\t<div class=\"elementor-element elementor-element-ccbca83 elementor-widget__width-initial elementor-widget elementor-widget-button\" data-id=\"ccbca83\" data-element_type=\"widget\" data-e-type=\"widget\" data-widget_type=\"button.default\">\n\t\t\t\t<div class=\"elementor-widget-container\">\n\t\t\t\t\t\t\t\t\t<div class=\"elementor-button-wrapper\">\n\t\t\t\t\t<a class=\"elementor-button elementor-button-link elementor-size-sm\" href=\"https:\/\/akeafisios.com\/ca\/reserves\/\">\n\t\t\t\t\t\t<span class=\"elementor-button-content-wrapper\">\n\t\t\t\t\t\t\t\t\t<span class=\"elementor-button-text\">RESERVAR<\/span>\n\t\t\t\t\t<\/span>\n\t\t\t\t\t<\/a>\n\t\t\t\t<\/div>\n\t\t\t\t\t\t\t\t<\/div>\n\t\t\t\t<\/div>\n\t\t\t\t<div class=\"elementor-element elementor-element-5152236 elementor-widget__width-initial elementor-widget elementor-widget-button\" data-id=\"5152236\" data-element_type=\"widget\" data-e-type=\"widget\" data-widget_type=\"button.default\">\n\t\t\t\t<div class=\"elementor-widget-container\">\n\t\t\t\t\t\t\t\t\t<div class=\"elementor-button-wrapper\">\n\t\t\t\t\t<a class=\"elementor-button elementor-button-link elementor-size-sm\" href=\"https:\/\/akeafisios.com\/ca\/contacte\/\">\n\t\t\t\t\t\t<span class=\"elementor-button-content-wrapper\">\n\t\t\t\t\t\t\t\t\t<span class=\"elementor-button-text\">+ INFO<\/span>\n\t\t\t\t\t<\/span>\n\t\t\t\t\t<\/a>\n\t\t\t\t<\/div>\n\t\t\t\t\t\t\t\t<\/div>\n\t\t\t\t<\/div>\n\t\t\t\t<\/div>\n\t\t\t\t<\/div>\n\t\t\t\t<\/div>\n\t\t\t\t<\/div>\n\t\t<div class=\"elementor-element elementor-element-a3adaa0 e-con-full e-flex e-con e-child\" data-id=\"a3adaa0\" data-element_type=\"container\" data-e-type=\"container\" data-settings=\"{&quot;background_background&quot;:&quot;classic&quot;}\">\n\t\t\t\t<div class=\"elementor-element elementor-element-c1f8f12 elementor-widget__width-initial elementor-widget elementor-widget-image\" data-id=\"c1f8f12\" data-element_type=\"widget\" data-e-type=\"widget\" data-widget_type=\"image.default\">\n\t\t\t\t<div class=\"elementor-widget-container\">\n\t\t\t\t\t\t\t\t\t\t\t\t\t\t\t<img decoding=\"async\" width=\"800\" height=\"741\" src=\"https:\/\/akeafisios.com\/wp-content\/uploads\/2025\/05\/ATM-1024x949.jpg\" class=\"attachment-large size-large wp-image-942\" alt=\"\" srcset=\"https:\/\/akeafisios.com\/wp-content\/uploads\/2025\/05\/ATM-1024x949.jpg 1024w, https:\/\/akeafisios.com\/wp-content\/uploads\/2025\/05\/ATM-300x278.jpg 300w, https:\/\/akeafisios.com\/wp-content\/uploads\/2025\/05\/ATM-768x712.jpg 768w, https:\/\/akeafisios.com\/wp-content\/uploads\/2025\/05\/ATM-1536x1424.jpg 1536w, https:\/\/akeafisios.com\/wp-content\/uploads\/2025\/05\/ATM-2048x1899.jpg 2048w\" sizes=\"(max-width: 800px) 100vw, 800px\" \/>\t\t\t\t\t\t\t\t\t\t\t\t\t\t\t<\/div>\n\t\t\t\t<\/div>\n\t\t<div class=\"elementor-element elementor-element-5037806 e-con-full e-flex e-con e-child\" data-id=\"5037806\" data-element_type=\"container\" data-e-type=\"container\">\n\t\t<div class=\"elementor-element elementor-element-ed07c4f e-con-full e-flex e-con e-child\" data-id=\"ed07c4f\" data-element_type=\"container\" data-e-type=\"container\">\n\t\t\t\t<div class=\"elementor-element elementor-element-a1f57a3 elementor-widget elementor-widget-heading\" data-id=\"a1f57a3\" data-element_type=\"widget\" data-e-type=\"widget\" data-widget_type=\"heading.default\">\n\t\t\t\t<div class=\"elementor-widget-container\">\n\t\t\t\t\t<h2 class=\"elementor-heading-title elementor-size-default\">Fisioter\u00e0pia ATM<\/h2>\t\t\t\t<\/div>\n\t\t\t\t<\/div>\n\t\t\t\t<div class=\"elementor-element elementor-element-21014ed elementor-widget__width-initial elementor-widget elementor-widget-text-editor\" data-id=\"21014ed\" data-element_type=\"widget\" data-e-type=\"widget\" data-widget_type=\"text-editor.default\">\n\t\t\t\t<div class=\"elementor-widget-container\">\n\t\t\t\t\t\t\t\t\t<p><span style=\"white-space-collapse: preserve;\">Tractament de l&#8217;articulaci\u00f3 temporomandibular que pugui estar afecta de bruxisme, problemes oclusals, etc i pugui donar dolor a la pr\u00f2pia articulaci\u00f3, cefalees, tinnitus\u2026 <\/span><\/p>\t\t\t\t\t\t\t\t<\/div>\n\t\t\t\t<\/div>\n\t\t<div class=\"elementor-element elementor-element-9a8220f e-con-full e-flex e-con e-child\" data-id=\"9a8220f\" data-element_type=\"container\" data-e-type=\"container\">\n\t\t\t\t<div class=\"elementor-element elementor-element-c7ce4bd elementor-widget__width-initial elementor-widget elementor-widget-button\" data-id=\"c7ce4bd\" data-element_type=\"widget\" data-e-type=\"widget\" data-widget_type=\"button.default\">\n\t\t\t\t<div class=\"elementor-widget-container\">\n\t\t\t\t\t\t\t\t\t<div class=\"elementor-button-wrapper\">\n\t\t\t\t\t<a class=\"elementor-button elementor-button-link elementor-size-sm\" href=\"https:\/\/akeafisios.com\/ca\/reserves\/\">\n\t\t\t\t\t\t<span class=\"elementor-button-content-wrapper\">\n\t\t\t\t\t\t\t\t\t<span class=\"elementor-button-text\">RESERVAR<\/span>\n\t\t\t\t\t<\/span>\n\t\t\t\t\t<\/a>\n\t\t\t\t<\/div>\n\t\t\t\t\t\t\t\t<\/div>\n\t\t\t\t<\/div>\n\t\t\t\t<div class=\"elementor-element elementor-element-cfceaf2 elementor-widget__width-initial elementor-widget elementor-widget-button\" data-id=\"cfceaf2\" data-element_type=\"widget\" data-e-type=\"widget\" data-widget_type=\"button.default\">\n\t\t\t\t<div class=\"elementor-widget-container\">\n\t\t\t\t\t\t\t\t\t<div class=\"elementor-button-wrapper\">\n\t\t\t\t\t<a class=\"elementor-button elementor-button-link elementor-size-sm\" href=\"https:\/\/akeafisios.com\/ca\/contacte\/\">\n\t\t\t\t\t\t<span class=\"elementor-button-content-wrapper\">\n\t\t\t\t\t\t\t\t\t<span class=\"elementor-button-text\">+ INFO<\/span>\n\t\t\t\t\t<\/span>\n\t\t\t\t\t<\/a>\n\t\t\t\t<\/div>\n\t\t\t\t\t\t\t\t<\/div>\n\t\t\t\t<\/div>\n\t\t\t\t<\/div>\n\t\t\t\t<\/div>\n\t\t\t\t<\/div>\n\t\t\t\t<\/div>\n\t\t<div class=\"elementor-element elementor-element-a650bec e-con-full e-flex e-con e-child\" data-id=\"a650bec\" data-element_type=\"container\" data-e-type=\"container\" data-settings=\"{&quot;background_background&quot;:&quot;classic&quot;}\">\n\t\t\t\t<div class=\"elementor-element elementor-element-406ac64 elementor-widget__width-initial elementor-widget elementor-widget-image\" data-id=\"406ac64\" data-element_type=\"widget\" data-e-type=\"widget\" data-widget_type=\"image.default\">\n\t\t\t\t<div class=\"elementor-widget-container\">\n\t\t\t\t\t\t\t\t\t\t\t\t\t\t\t<img loading=\"lazy\" decoding=\"async\" width=\"800\" height=\"702\" src=\"https:\/\/akeafisios.com\/wp-content\/uploads\/2025\/05\/masaje-1024x899.jpg\" class=\"attachment-large size-large wp-image-944\" alt=\"\" srcset=\"https:\/\/akeafisios.com\/wp-content\/uploads\/2025\/05\/masaje-1024x899.jpg 1024w, https:\/\/akeafisios.com\/wp-content\/uploads\/2025\/05\/masaje-300x264.jpg 300w, https:\/\/akeafisios.com\/wp-content\/uploads\/2025\/05\/masaje-768x675.jpg 768w, https:\/\/akeafisios.com\/wp-content\/uploads\/2025\/05\/masaje-1536x1349.jpg 1536w, https:\/\/akeafisios.com\/wp-content\/uploads\/2025\/05\/masaje-2048x1799.jpg 2048w\" sizes=\"(max-width: 800px) 100vw, 800px\" \/>\t\t\t\t\t\t\t\t\t\t\t\t\t\t\t<\/div>\n\t\t\t\t<\/div>\n\t\t<div class=\"elementor-element elementor-element-c74baa4 e-con-full e-flex e-con e-child\" data-id=\"c74baa4\" data-element_type=\"container\" data-e-type=\"container\">\n\t\t<div class=\"elementor-element elementor-element-c9ad409 e-con-full e-flex e-con e-child\" data-id=\"c9ad409\" data-element_type=\"container\" data-e-type=\"container\">\n\t\t\t\t<div class=\"elementor-element elementor-element-6f522cc elementor-widget elementor-widget-heading\" data-id=\"6f522cc\" data-element_type=\"widget\" data-e-type=\"widget\" data-widget_type=\"heading.default\">\n\t\t\t\t<div class=\"elementor-widget-container\">\n\t\t\t\t\t<h2 class=\"elementor-heading-title elementor-size-default\">Massatge Esportiu<\/h2>\t\t\t\t<\/div>\n\t\t\t\t<\/div>\n\t\t\t\t<div class=\"elementor-element elementor-element-83181a4 elementor-widget__width-initial elementor-widget elementor-widget-text-editor\" data-id=\"83181a4\" data-element_type=\"widget\" data-e-type=\"widget\" data-widget_type=\"text-editor.default\">\n\t\t\t\t<div class=\"elementor-widget-container\">\n\t\t\t\t\t\t\t\t\t<p>El massatge pre i postcompetici\u00f3 millora el rendiment a m\u00e9s de la recuperaci\u00f3, preparant els m\u00fasculs, reduint la inflamaci\u00f3 i el dolor.<\/p>\t\t\t\t\t\t\t\t<\/div>\n\t\t\t\t<\/div>\n\t\t<div class=\"elementor-element elementor-element-d795e08 e-con-full e-flex e-con e-child\" data-id=\"d795e08\" data-element_type=\"container\" data-e-type=\"container\">\n\t\t\t\t<div class=\"elementor-element elementor-element-754e51f elementor-widget__width-initial elementor-widget elementor-widget-button\" data-id=\"754e51f\" data-element_type=\"widget\" data-e-type=\"widget\" data-widget_type=\"button.default\">\n\t\t\t\t<div class=\"elementor-widget-container\">\n\t\t\t\t\t\t\t\t\t<div class=\"elementor-button-wrapper\">\n\t\t\t\t\t<a class=\"elementor-button elementor-button-link elementor-size-sm\" href=\"https:\/\/akeafisios.com\/ca\/reserves\/\">\n\t\t\t\t\t\t<span class=\"elementor-button-content-wrapper\">\n\t\t\t\t\t\t\t\t\t<span class=\"elementor-button-text\">RESERVAR<\/span>\n\t\t\t\t\t<\/span>\n\t\t\t\t\t<\/a>\n\t\t\t\t<\/div>\n\t\t\t\t\t\t\t\t<\/div>\n\t\t\t\t<\/div>\n\t\t\t\t<div class=\"elementor-element elementor-element-64bed98 elementor-widget__width-initial elementor-widget elementor-widget-button\" data-id=\"64bed98\" data-element_type=\"widget\" data-e-type=\"widget\" data-widget_type=\"button.default\">\n\t\t\t\t<div class=\"elementor-widget-container\">\n\t\t\t\t\t\t\t\t\t<div class=\"elementor-button-wrapper\">\n\t\t\t\t\t<a class=\"elementor-button elementor-button-link elementor-size-sm\" href=\"https:\/\/akeafisios.com\/ca\/contacte\/\">\n\t\t\t\t\t\t<span class=\"elementor-button-content-wrapper\">\n\t\t\t\t\t\t\t\t\t<span class=\"elementor-button-text\">+ INFO<\/span>\n\t\t\t\t\t<\/span>\n\t\t\t\t\t<\/a>\n\t\t\t\t<\/div>\n\t\t\t\t\t\t\t\t<\/div>\n\t\t\t\t<\/div>\n\t\t\t\t<\/div>\n\t\t\t\t<\/div>\n\t\t\t\t<\/div>\n\t\t\t\t<\/div>\n\t\t\t\t<\/div>\n\t\t\t\t<\/div>\n\t\t\t\t\t<\/div>\n\t\t\t\t<\/div>\n\t\t<div class=\"elementor-element elementor-element-1d435de e-flex e-con-boxed e-con e-parent\" data-id=\"1d435de\" data-element_type=\"container\" data-e-type=\"container\">\n\t\t\t\t\t<div class=\"e-con-inner\">\n\t\t<div class=\"elementor-element elementor-element-50a62d9 e-con-full e-flex e-con e-child\" data-id=\"50a62d9\" data-element_type=\"container\" data-e-type=\"container\">\n\t\t\t\t<div class=\"elementor-element elementor-element-3e4254e elementor-widget-mobile__width-initial elementor-widget elementor-widget-heading\" data-id=\"3e4254e\" data-element_type=\"widget\" data-e-type=\"widget\" data-widget_type=\"heading.default\">\n\t\t\t\t<div class=\"elementor-widget-container\">\n\t\t\t\t\t<h2 class=\"elementor-heading-title elementor-size-default\">Tens alguna consulta?<\/h2>\t\t\t\t<\/div>\n\t\t\t\t<\/div>\n\t\t\t\t<div class=\"elementor-element elementor-element-b3cf7db elementor-widget__width-initial elementor-widget elementor-widget-text-editor\" data-id=\"b3cf7db\" data-element_type=\"widget\" data-e-type=\"widget\" data-widget_type=\"text-editor.default\">\n\t\t\t\t<div class=\"elementor-widget-container\">\n\t\t\t\t\t\t\t\t\t<p>No dubtis a contactar-nos. \u00a1Som aqu\u00ed per ajudar-te!<\/p>\t\t\t\t\t\t\t\t<\/div>\n\t\t\t\t<\/div>\n\t\t\t\t<div class=\"elementor-element elementor-element-800e9c1 elementor-align-center elementor-widget elementor-widget-button\" data-id=\"800e9c1\" data-element_type=\"widget\" data-e-type=\"widget\" data-widget_type=\"button.default\">\n\t\t\t\t<div class=\"elementor-widget-container\">\n\t\t\t\t\t\t\t\t\t<div class=\"elementor-button-wrapper\">\n\t\t\t\t\t<a class=\"elementor-button elementor-button-link elementor-size-sm\" href=\"https:\/\/akeafisios.com\/ca\/contacte\/\">\n\t\t\t\t\t\t<span class=\"elementor-button-content-wrapper\">\n\t\t\t\t\t\t\t\t\t<span class=\"elementor-button-text\">CONTACTAR<\/span>\n\t\t\t\t\t<\/span>\n\t\t\t\t\t<\/a>\n\t\t\t\t<\/div>\n\t\t\t\t\t\t\t\t<\/div>\n\t\t\t\t<\/div>\n\t\t\t\t<\/div>\n\t\t\t\t\t<\/div>\n\t\t\t\t<\/div>\n\t\t\t\t<\/div>\n\t\t","protected":false},"excerpt":{"rendered":"<p>SERVEIS Tractaments de fisioter\u00e0pia especialitzats per a tu Ter\u00e0pia Manual L&#8217;abordatge amb t\u00e8cniques manuals s&#8217;utilitza tant com a m\u00e8tode de raonament, mitjan\u00e7ant tests per avaluar el pacient, com a m\u00e8tode de tractament, a trav\u00e9s de diverses t\u00e8cniques manuals. RESERVAR + INFO Punci\u00f3 Seca T\u00e8cnica de fisioter\u00e0pia invasiva mitjan\u00e7ant agulla, utilitzada per tractar el dolor miofascial [&hellip;]<\/p>\n","protected":false},"author":1,"featured_media":0,"parent":0,"menu_order":0,"comment_status":"closed","ping_status":"closed","template":"","meta":{"_acf_changed":false,"footnotes":""},"class_list":["post-861","page","type-page","status-publish","hentry"],"acf":[],"_links":{"self":[{"href":"https:\/\/akeafisios.com\/ca\/wp-json\/wp\/v2\/pages\/861","targetHints":{"allow":["GET"]}}],"collection":[{"href":"https:\/\/akeafisios.com\/ca\/wp-json\/wp\/v2\/pages"}],"about":[{"href":"https:\/\/akeafisios.com\/ca\/wp-json\/wp\/v2\/types\/page"}],"author":[{"embeddable":true,"href":"https:\/\/akeafisios.com\/ca\/wp-json\/wp\/v2\/users\/1"}],"replies":[{"embeddable":true,"href":"https:\/\/akeafisios.com\/ca\/wp-json\/wp\/v2\/comments?post=861"}],"version-history":[{"count":6,"href":"https:\/\/akeafisios.com\/ca\/wp-json\/wp\/v2\/pages\/861\/revisions"}],"predecessor-version":[{"id":954,"href":"https:\/\/akeafisios.com\/ca\/wp-json\/wp\/v2\/pages\/861\/revisions\/954"}],"wp:attachment":[{"href":"https:\/\/akeafisios.com\/ca\/wp-json\/wp\/v2\/media?parent=861"}],"curies":[{"name":"wp","href":"https:\/\/api.w.org\/{rel}","templated":true}]}}