{"id":852,"date":"2025-04-08T16:45:32","date_gmt":"2025-04-08T14:45:32","guid":{"rendered":"https:\/\/akeafisios.com\/contacte\/"},"modified":"2025-05-29T09:09:14","modified_gmt":"2025-05-29T07:09:14","slug":"contacte","status":"publish","type":"page","link":"https:\/\/akeafisios.com\/ca\/contacte\/","title":{"rendered":"Contacte"},"content":{"rendered":"\t\t<div data-elementor-type=\"wp-page\" data-elementor-id=\"852\" class=\"elementor elementor-852 elementor-86\" data-elementor-post-type=\"page\">\n\t\t\t\t<div class=\"elementor-element elementor-element-1f1afd6 e-flex e-con-boxed e-con e-parent\" data-id=\"1f1afd6\" data-element_type=\"container\" data-e-type=\"container\">\n\t\t\t\t\t<div class=\"e-con-inner\">\n\t\t<div class=\"elementor-element elementor-element-27ec2c9 e-con-full e-flex e-con e-child\" data-id=\"27ec2c9\" data-element_type=\"container\" data-e-type=\"container\">\n\t\t\t\t<div class=\"elementor-element elementor-element-d76a45f elementor-widget elementor-widget-heading\" data-id=\"d76a45f\" data-element_type=\"widget\" data-e-type=\"widget\" data-widget_type=\"heading.default\">\n\t\t\t\t<div class=\"elementor-widget-container\">\n\t\t\t\t\t<h2 class=\"elementor-heading-title elementor-size-default\">CONTACTE<\/h2>\t\t\t\t<\/div>\n\t\t\t\t<\/div>\n\t\t\t\t<div class=\"elementor-element elementor-element-39ae312 elementor-widget__width-initial elementor-widget elementor-widget-heading\" data-id=\"39ae312\" data-element_type=\"widget\" data-e-type=\"widget\" data-widget_type=\"heading.default\">\n\t\t\t\t<div class=\"elementor-widget-container\">\n\t\t\t\t\t<h2 class=\"elementor-heading-title elementor-size-default\">Agenda la teva cita o consulta amb facilitat a trav\u00e9s del formulari<\/h2>\t\t\t\t<\/div>\n\t\t\t\t<\/div>\n\t\t\t\t<\/div>\n\t\t<div class=\"elementor-element elementor-element-7a41f89 e-con-full e-flex e-con e-child\" data-id=\"7a41f89\" data-element_type=\"container\" data-e-type=\"container\">\n\t\t\t\t<div class=\"elementor-element elementor-element-1029f64 elementor-widget__width-initial elementor-button-align-stretch elementor-widget elementor-widget-form\" data-id=\"1029f64\" data-element_type=\"widget\" data-e-type=\"widget\" data-settings=\"{&quot;step_next_label&quot;:&quot;Seg\\u00fcent&quot;,&quot;step_previous_label&quot;:&quot;Anterior&quot;,&quot;button_width&quot;:&quot;25&quot;,&quot;step_type&quot;:&quot;number_text&quot;,&quot;step_icon_shape&quot;:&quot;circle&quot;}\" data-widget_type=\"form.default\">\n\t\t\t\t<div class=\"elementor-widget-container\">\n\t\t\t\t\t\t\t<form class=\"elementor-form\" method=\"post\" name=\"Nou formulari\" aria-label=\"Nou formulari\">\n\t\t\t<input type=\"hidden\" name=\"post_id\" value=\"852\"\/>\n\t\t\t<input type=\"hidden\" name=\"form_id\" value=\"1029f64\"\/>\n\t\t\t<input type=\"hidden\" name=\"referer_title\" value=\"Contacte\" \/>\n\n\t\t\t\t\t\t\t<input type=\"hidden\" name=\"queried_id\" value=\"852\"\/>\n\t\t\t\n\t\t\t<div class=\"elementor-form-fields-wrapper elementor-labels-above\">\n\t\t\t\t\t\t\t\t<div class=\"elementor-field-type-text elementor-field-group elementor-column elementor-field-group-name elementor-col-50 elementor-field-required\">\n\t\t\t\t\t\t\t\t\t\t\t\t<label for=\"form-field-name\" class=\"elementor-field-label\">\n\t\t\t\t\t\t\t\tNom\t\t\t\t\t\t\t<\/label>\n\t\t\t\t\t\t\t\t\t\t\t\t\t\t<input size=\"1\" type=\"text\" name=\"form_fields[name]\" id=\"form-field-name\" class=\"elementor-field elementor-size-md  elementor-field-textual\" required=\"required\">\n\t\t\t\t\t\t\t\t\t\t\t<\/div>\n\t\t\t\t\t\t\t\t<div class=\"elementor-field-type-text elementor-field-group elementor-column elementor-field-group-field_0251cec elementor-col-50 elementor-field-required\">\n\t\t\t\t\t\t\t\t\t\t\t\t<label for=\"form-field-field_0251cec\" class=\"elementor-field-label\">\n\t\t\t\t\t\t\t\tCognoms\t\t\t\t\t\t\t<\/label>\n\t\t\t\t\t\t\t\t\t\t\t\t\t\t<input size=\"1\" type=\"text\" name=\"form_fields[field_0251cec]\" id=\"form-field-field_0251cec\" class=\"elementor-field elementor-size-md  elementor-field-textual\" required=\"required\">\n\t\t\t\t\t\t\t\t\t\t\t<\/div>\n\t\t\t\t\t\t\t\t<div class=\"elementor-field-type-email elementor-field-group elementor-column elementor-field-group-field_6d0d5dc elementor-col-50 elementor-field-required\">\n\t\t\t\t\t\t\t\t\t\t\t\t<label for=\"form-field-field_6d0d5dc\" class=\"elementor-field-label\">\n\t\t\t\t\t\t\t\tCorreu Electr\u00f2nic\t\t\t\t\t\t\t<\/label>\n\t\t\t\t\t\t\t\t\t\t\t\t\t\t<input size=\"1\" type=\"email\" name=\"form_fields[field_6d0d5dc]\" id=\"form-field-field_6d0d5dc\" class=\"elementor-field elementor-size-md  elementor-field-textual\" required=\"required\">\n\t\t\t\t\t\t\t\t\t\t\t<\/div>\n\t\t\t\t\t\t\t\t<div class=\"elementor-field-type-tel elementor-field-group elementor-column elementor-field-group-email elementor-col-50 elementor-field-required\">\n\t\t\t\t\t\t\t\t\t\t\t\t<label for=\"form-field-email\" class=\"elementor-field-label\">\n\t\t\t\t\t\t\t\tTel\u00e8fon\t\t\t\t\t\t\t<\/label>\n\t\t\t\t\t\t\t\t<input size=\"1\" type=\"tel\" name=\"form_fields[email]\" id=\"form-field-email\" class=\"elementor-field elementor-size-md  elementor-field-textual\" required=\"required\" pattern=\"[0-9()#&amp;+*-=.]+\" title=\"Only numbers and phone characters (#, -, *, etc) are accepted.\">\n\n\t\t\t\t\t\t<\/div>\n\t\t\t\t\t\t\t\t<div class=\"elementor-field-type-text elementor-field-group elementor-column elementor-field-group-field_8071096 elementor-col-50 elementor-field-required\">\n\t\t\t\t\t\t\t\t\t\t\t\t<label for=\"form-field-field_8071096\" class=\"elementor-field-label\">\n\t\t\t\t\t\t\t\tDes d'on m'escrius?\t\t\t\t\t\t\t<\/label>\n\t\t\t\t\t\t\t\t\t\t\t\t\t\t<input size=\"1\" type=\"text\" name=\"form_fields[field_8071096]\" id=\"form-field-field_8071096\" class=\"elementor-field elementor-size-md  elementor-field-textual\" required=\"required\">\n\t\t\t\t\t\t\t\t\t\t\t<\/div>\n\t\t\t\t\t\t\t\t<div class=\"elementor-field-type-select elementor-field-group elementor-column elementor-field-group-field_09d5af5 elementor-col-50 elementor-field-required\">\n\t\t\t\t\t\t\t\t\t\t\t\t<label for=\"form-field-field_09d5af5\" class=\"elementor-field-label\">\n\t\t\t\t\t\t\t\tQuina \u00e9s la teva consulta?\t\t\t\t\t\t\t<\/label>\n\t\t\t\t\t\t\t\t<div class=\"elementor-field elementor-select-wrapper remove-before \">\n\t\t\t<div class=\"select-caret-down-wrapper\">\n\t\t\t\t<svg aria-hidden=\"true\" class=\"e-font-icon-svg e-eicon-caret-down\" viewBox=\"0 0 571.4 571.4\" xmlns=\"http:\/\/www.w3.org\/2000\/svg\"><path d=\"M571 393Q571 407 561 418L311 668Q300 679 286 679T261 668L11 418Q0 407 0 393T11 368 36 357H536Q550 357 561 368T571 393Z\"><\/path><\/svg>\t\t\t<\/div>\n\t\t\t<select name=\"form_fields[field_09d5af5]\" id=\"form-field-field_09d5af5\" class=\"elementor-field-textual elementor-size-md\" required=\"required\">\n\t\t\t\t\t\t\t\t\t<option value=\"Ter\u00e0pia Manual\">Ter\u00e0pia Manual<\/option>\n\t\t\t\t\t\t\t\t\t<option value=\" Punci\u00f3 Seca\"> Punci\u00f3 Seca<\/option>\n\t\t\t\t\t\t\t\t\t<option value=\" Fisioter\u00e0pia ATM\"> Fisioter\u00e0pia ATM<\/option>\n\t\t\t\t\t\t\t\t\t<option value=\" Massatge Esportiu\"> Massatge Esportiu<\/option>\n\t\t\t\t\t\t\t\t\t<option value=\" Tarifes\"> Tarifes<\/option>\n\t\t\t\t\t\t\t\t\t<option value=\" Altres Consultes\"> Altres Consultes<\/option>\n\t\t\t\t\t\t\t<\/select>\n\t\t<\/div>\n\t\t\t\t\t\t<\/div>\n\t\t\t\t\t\t\t\t<div class=\"elementor-field-type-textarea elementor-field-group elementor-column elementor-field-group-message elementor-col-100\">\n\t\t\t\t\t\t\t\t\t\t\t\t<label for=\"form-field-message\" class=\"elementor-field-label\">\n\t\t\t\t\t\t\t\tMissatge\t\t\t\t\t\t\t<\/label>\n\t\t\t\t\t\t<textarea class=\"elementor-field-textual elementor-field  elementor-size-md\" name=\"form_fields[message]\" id=\"form-field-message\" rows=\"4\"><\/textarea>\t\t\t\t<\/div>\n\t\t\t\t\t\t\t\t<div class=\"elementor-field-type-acceptance elementor-field-group elementor-column elementor-field-group-field_023886d elementor-col-100 elementor-field-required\">\n\t\t\t\t\t\t\t<div class=\"elementor-field-subgroup\">\n\t\t\t<span class=\"elementor-field-option\">\n\t\t\t\t<input type=\"checkbox\" name=\"form_fields[field_023886d]\" id=\"form-field-field_023886d\" class=\"elementor-field elementor-size-md  elementor-acceptance-field\" required=\"required\">\n\t\t\t\t<label for=\"form-field-field_023886d\">He llegit i accepto els termes i les condicions d'\u00fas.<\/label>\t\t\t<\/span>\n\t\t<\/div>\n\t\t\t\t\t\t<\/div>\n\t\t\t\t\t\t\t\t<div class=\"elementor-field-type-recaptcha_v3 elementor-field-group elementor-column elementor-field-group-field_914e5ca elementor-col-100 recaptcha_v3-bottomright\">\n\t\t\t\t\t<div class=\"elementor-field\" id=\"form-field-field_914e5ca\"><div class=\"elementor-g-recaptcha\" data-sitekey=\"6Lf6pzIrAAAAAGcH8e2pmF0Qp1Y7RvvzCQyMosC5\" data-type=\"v3\" data-action=\"Form\" data-badge=\"bottomright\" data-size=\"invisible\"><\/div><\/div>\t\t\t\t<\/div>\n\t\t\t\t\t\t\t\t<div class=\"elementor-field-group elementor-column elementor-field-type-submit elementor-col-25 e-form__buttons\">\n\t\t\t\t\t<button class=\"elementor-button elementor-size-sm\" type=\"submit\">\n\t\t\t\t\t\t<span class=\"elementor-button-content-wrapper\">\n\t\t\t\t\t\t\t\t\t\t\t\t\t\t\t\t\t\t\t\t\t\t<span class=\"elementor-button-text\">ENVIAR<\/span>\n\t\t\t\t\t\t\t\t\t\t\t\t\t<\/span>\n\t\t\t\t\t<\/button>\n\t\t\t\t<\/div>\n\t\t\t<\/div>\n\t\t<\/form>\n\t\t\t\t\t\t<\/div>\n\t\t\t\t<\/div>\n\t\t<div class=\"elementor-element elementor-element-53b72d2 e-con-full e-flex e-con e-child\" data-id=\"53b72d2\" data-element_type=\"container\" data-e-type=\"container\">\n\t\t<div class=\"elementor-element elementor-element-881bb9a e-con-full e-flex e-con e-child\" data-id=\"881bb9a\" data-element_type=\"container\" data-e-type=\"container\">\n\t\t\t\t<div class=\"elementor-element elementor-element-3ef0ce1 elementor-position-inline-start elementor-view-default elementor-mobile-position-block-start elementor-widget elementor-widget-icon-box\" data-id=\"3ef0ce1\" data-element_type=\"widget\" data-e-type=\"widget\" data-widget_type=\"icon-box.default\">\n\t\t\t\t<div class=\"elementor-widget-container\">\n\t\t\t\t\t\t\t<div class=\"elementor-icon-box-wrapper\">\n\n\t\t\t\t\t\t<div class=\"elementor-icon-box-icon\">\n\t\t\t\t<span  class=\"elementor-icon\">\n\t\t\t\t<svg xmlns=\"http:\/\/www.w3.org\/2000\/svg\" width=\"33\" height=\"33\" viewBox=\"0 0 33 33\" fill=\"none\"><rect width=\"33\" height=\"33\" rx=\"16.5\" fill=\"#EEEEEE\"><\/rect><path d=\"M23.2609 9.70587H9.25786C8.43553 9.70587 7.76465 10.376 7.76465 11.1991V21.1538C7.76465 21.9741 8.43255 22.647 9.25786 22.647H23.2609C24.0812 22.647 24.7541 21.9791 24.7541 21.1538V11.1991C24.7541 10.3788 24.0862 9.70587 23.2609 9.70587ZM23.0547 10.7013L16.291 17.465L9.46887 10.7013H23.0547ZM8.76012 20.9477V11.4005L13.5543 16.1535L8.76012 20.9477ZM9.46402 21.6516L14.2612 16.8544L15.9421 18.5209C16.1367 18.7138 16.4507 18.7132 16.6445 18.5193L18.2835 16.8804L23.0547 21.6516H9.46402ZM23.7586 20.9477L18.9874 16.1765L23.7586 11.4052V20.9477Z\" fill=\"black\"><\/path><\/svg>\t\t\t\t<\/span>\n\t\t\t<\/div>\n\t\t\t\n\t\t\t\t\t\t<div class=\"elementor-icon-box-content\">\n\n\t\t\t\t\t\t\t\t\t<h3 class=\"elementor-icon-box-title\">\n\t\t\t\t\t\t<span  >\n\t\t\t\t\t\t\tEscriu-nos\t\t\t\t\t\t<\/span>\n\t\t\t\t\t<\/h3>\n\t\t\t\t\n\t\t\t\t\n\t\t\t<\/div>\n\t\t\t\n\t\t<\/div>\n\t\t\t\t\t\t<\/div>\n\t\t\t\t<\/div>\n\t\t\t\t<div class=\"elementor-element elementor-element-bc40ef3 elementor-widget__width-initial elementor-widget elementor-widget-text-editor\" data-id=\"bc40ef3\" data-element_type=\"widget\" data-e-type=\"widget\" data-widget_type=\"text-editor.default\">\n\t\t\t\t<div class=\"elementor-widget-container\">\n\t\t\t\t\t\t\t\t\t<p>Et facilitem el nostre correu electr\u00f2nic. <br><b>akeafisios@gmail.com<\/b><\/p>\t\t\t\t\t\t\t\t<\/div>\n\t\t\t\t<\/div>\n\t\t\t\t<\/div>\n\t\t<div class=\"elementor-element elementor-element-87b2590 e-con-full e-flex e-con e-child\" data-id=\"87b2590\" data-element_type=\"container\" data-e-type=\"container\">\n\t\t\t\t<div class=\"elementor-element elementor-element-54dd324 elementor-position-inline-start elementor-view-default elementor-mobile-position-block-start elementor-widget elementor-widget-icon-box\" data-id=\"54dd324\" data-element_type=\"widget\" data-e-type=\"widget\" data-widget_type=\"icon-box.default\">\n\t\t\t\t<div class=\"elementor-widget-container\">\n\t\t\t\t\t\t\t<div class=\"elementor-icon-box-wrapper\">\n\n\t\t\t\t\t\t<div class=\"elementor-icon-box-icon\">\n\t\t\t\t<span  class=\"elementor-icon\">\n\t\t\t\t<svg xmlns=\"http:\/\/www.w3.org\/2000\/svg\" width=\"33\" height=\"33\" viewBox=\"0 0 33 33\" fill=\"none\"><rect width=\"33\" height=\"33\" rx=\"16.5\" fill=\"#EEEEEE\"><\/rect><g clip-path=\"url(#clip0_58_1571)\"><path d=\"M18.985 18.2332C20.7752 15.424 20.5501 15.7745 20.6017 15.7013C21.2535 14.7819 21.598 13.6999 21.598 12.5722C21.598 9.5814 19.171 7.11768 16.1764 7.11768C13.1914 7.11768 10.7547 9.57654 10.7547 12.5722C10.7547 13.6992 11.1064 14.8095 11.7796 15.7412L13.3677 18.2332C11.6697 18.4942 8.7832 19.2718 8.7832 20.9839C8.7832 21.6081 9.19058 22.4976 11.1313 23.1907C12.4865 23.6747 14.2782 23.9412 16.1764 23.9412C19.7259 23.9412 23.5695 22.9399 23.5695 20.9839C23.5695 19.2715 20.6864 18.4947 18.985 18.2332ZM12.603 15.199C12.5975 15.1906 12.5919 15.1823 12.586 15.1741C12.0258 14.4035 11.7405 13.4903 11.7405 12.5722C11.7405 10.1072 13.7253 8.10343 16.1764 8.10343C18.6223 8.10343 20.6122 10.1081 20.6122 12.5722C20.6122 13.4918 20.3323 14.374 19.8024 15.1243C19.7549 15.187 20.0027 14.8021 16.1764 20.8061L12.603 15.199ZM16.1764 22.9555C12.2993 22.9555 9.76896 21.8158 9.76896 20.9839C9.76896 20.4248 11.0691 19.5055 13.9501 19.1471L15.7607 21.9882C15.8512 22.1302 16.0079 22.2161 16.1763 22.2161C16.3447 22.2161 16.5015 22.1301 16.5919 21.9882L18.4025 19.1471C21.2836 19.5055 22.5838 20.4248 22.5838 20.9839C22.5838 21.8088 20.0762 22.9555 16.1764 22.9555Z\" fill=\"black\"><\/path><path d=\"M16.1763 10.1078C14.8174 10.1078 13.7119 11.2133 13.7119 12.5722C13.7119 13.931 14.8174 15.0366 16.1763 15.0366C17.5352 15.0366 18.6407 13.931 18.6407 12.5722C18.6407 11.2133 17.5352 10.1078 16.1763 10.1078ZM16.1763 14.0508C15.361 14.0508 14.6977 13.3875 14.6977 12.5722C14.6977 11.7569 15.361 11.0935 16.1763 11.0935C16.9916 11.0935 17.6549 11.7569 17.6549 12.5722C17.6549 13.3875 16.9916 14.0508 16.1763 14.0508Z\" fill=\"black\"><\/path><\/g><defs><clipPath id=\"clip0_58_1571\"><rect width=\"16.8235\" height=\"16.8235\" fill=\"white\" transform=\"translate(7.76465 7.11768)\"><\/rect><\/clipPath><\/defs><\/svg>\t\t\t\t<\/span>\n\t\t\t<\/div>\n\t\t\t\n\t\t\t\t\t\t<div class=\"elementor-icon-box-content\">\n\n\t\t\t\t\t\t\t\t\t<h3 class=\"elementor-icon-box-title\">\n\t\t\t\t\t\t<span  >\n\t\t\t\t\t\t\tVisita'ns\t\t\t\t\t\t<\/span>\n\t\t\t\t\t<\/h3>\n\t\t\t\t\n\t\t\t\t\n\t\t\t<\/div>\n\t\t\t\n\t\t<\/div>\n\t\t\t\t\t\t<\/div>\n\t\t\t\t<\/div>\n\t\t\t\t<div class=\"elementor-element elementor-element-561dd30 elementor-widget__width-initial elementor-widget elementor-widget-text-editor\" data-id=\"561dd30\" data-element_type=\"widget\" data-e-type=\"widget\" data-widget_type=\"text-editor.default\">\n\t\t\t\t<div class=\"elementor-widget-container\">\n\t\t\t\t\t\t\t\t\tVine a visitar el nostre centre.\n<br> <b>Carrer de Guifr\u00e9 el Pel\u00f3s, 18 bis, 08840 Viladecans, Barcelona\n<\/b>\t\t\t\t\t\t\t\t<\/div>\n\t\t\t\t<\/div>\n\t\t\t\t<\/div>\n\t\t<div class=\"elementor-element elementor-element-cc9564a e-con-full e-flex e-con e-child\" data-id=\"cc9564a\" data-element_type=\"container\" data-e-type=\"container\">\n\t\t\t\t<div class=\"elementor-element elementor-element-fb6f8ff elementor-position-inline-start elementor-view-default elementor-mobile-position-block-start elementor-widget elementor-widget-icon-box\" data-id=\"fb6f8ff\" data-element_type=\"widget\" data-e-type=\"widget\" data-widget_type=\"icon-box.default\">\n\t\t\t\t<div class=\"elementor-widget-container\">\n\t\t\t\t\t\t\t<div class=\"elementor-icon-box-wrapper\">\n\n\t\t\t\t\t\t<div class=\"elementor-icon-box-icon\">\n\t\t\t\t<span  class=\"elementor-icon\">\n\t\t\t\t<svg xmlns=\"http:\/\/www.w3.org\/2000\/svg\" width=\"33\" height=\"33\" viewBox=\"0 0 33 33\" fill=\"none\"><rect width=\"33\" height=\"33\" rx=\"16.5\" fill=\"#EEEEEE\"><\/rect><g clip-path=\"url(#clip0_58_1552)\"><path d=\"M23.9435 11.2C23.298 10.3117 22.1675 9.50998 20.7603 8.94252C19.3607 8.37814 17.7357 8.06605 16.1845 8.06382C14.6331 8.05994 13.0061 8.36881 11.6044 8.92882C10.1948 9.49204 9.06163 10.2903 8.41376 11.1765C7.79149 12.0276 7.61215 12.945 7.89509 13.8294C8.07864 14.4032 8.61407 14.7893 9.22776 14.7901L11.3291 14.7921C11.3298 14.7921 11.3305 14.7921 11.3312 14.7921C11.7502 14.7921 12.1439 14.6087 12.4114 14.2887C12.6761 13.9721 12.7858 13.5583 12.7123 13.1534C12.7101 13.1416 12.7075 13.1297 12.7045 13.118L12.5939 12.6882C13.2062 12.396 14.5935 11.8316 16.178 11.8405C17.7613 11.8487 19.1476 12.4128 19.7607 12.705L19.6483 13.1325C19.6451 13.1446 19.6425 13.1567 19.6402 13.169C19.5655 13.5737 19.674 13.9877 19.9377 14.3051C20.2048 14.6264 20.5988 14.811 21.0189 14.8116L23.1202 14.8136C23.1209 14.8136 23.1216 14.8136 23.1223 14.8136C23.7348 14.8136 24.2704 14.4293 24.4554 13.8567C24.741 12.9725 24.564 12.0538 23.9435 11.2ZM23.4999 13.5481C23.4501 13.7021 23.2949 13.8095 23.122 13.8095C23.1218 13.8095 23.1216 13.8095 23.1214 13.8095L21.02 13.8076C20.899 13.8074 20.7859 13.7548 20.7098 13.6632C20.6685 13.6134 20.6039 13.5099 20.625 13.3659L20.8341 12.5707C20.8913 12.3527 20.7964 12.1233 20.6019 12.0096C20.5208 11.9622 18.5886 10.8488 16.1831 10.8364C16.1697 10.8363 16.1568 10.8363 16.1434 10.8363C13.7534 10.8363 11.835 11.9449 11.7541 11.9923C11.5607 12.1057 11.466 12.3334 11.5218 12.5504L11.7267 13.347C11.7476 13.4913 11.6827 13.5948 11.6411 13.6446C11.5649 13.7357 11.452 13.788 11.3309 13.788C11.3307 13.788 11.3305 13.788 11.3303 13.788L9.22895 13.786C9.05601 13.7857 8.90076 13.6778 8.8514 13.5234C8.66766 12.949 8.79311 12.3587 9.22428 11.7689C10.3696 10.2024 13.2875 9.06774 16.1673 9.06774C16.1725 9.06774 16.178 9.06774 16.1831 9.06774C19.0658 9.07188 21.988 10.2168 23.1314 11.7902C23.5615 12.3822 23.6855 12.9736 23.4999 13.5481Z\" fill=\"black\"><\/path><path d=\"M20.9278 16.9588L19.3608 15.3134C19.266 15.2139 19.1346 15.1576 18.9972 15.1576H17.9845V14.4734C17.9845 14.1961 17.7598 13.9714 17.4825 13.9714C17.2053 13.9714 16.9805 14.1961 16.9805 14.4734V15.1576H15.373V14.4734C15.373 14.1961 15.1483 13.9714 14.871 13.9714C14.5938 13.9714 14.369 14.1961 14.369 14.4734V15.1576H13.3563C13.219 15.1576 13.0876 15.2139 12.9928 15.3134L11.4258 16.9588C10.1972 18.2489 9.52051 19.9405 9.52051 21.722V23.7872C9.52051 24.0645 9.74526 24.2893 10.0225 24.2893H22.331C22.6083 24.2893 22.833 24.0645 22.833 23.7872V21.722C22.8331 19.9404 22.1565 18.2489 20.9278 16.9588ZM10.5245 23.2852V21.722C10.5245 20.1994 11.1028 18.7538 12.1529 17.6512L13.5715 16.1616H18.7821L20.2007 17.6512C21.2507 18.7537 21.829 20.1994 21.829 21.722V23.2852H10.5245Z\" fill=\"black\"><\/path><path d=\"M16.1766 17.1996C14.7279 17.1996 13.5493 18.3782 13.5493 19.8269C13.5493 21.2756 14.7279 22.4543 16.1766 22.4543C17.6253 22.4543 18.804 21.2756 18.804 19.8269C18.804 18.3782 17.6254 17.1996 16.1766 17.1996ZM16.1766 21.4502C15.2815 21.4502 14.5533 20.722 14.5533 19.8269C14.5533 18.9318 15.2815 18.2036 16.1766 18.2036C17.0717 18.2036 17.8 18.9318 17.8 19.8269C17.8 20.722 17.0717 21.4502 16.1766 21.4502Z\" fill=\"black\"><\/path><\/g><defs><clipPath id=\"clip0_58_1552\"><rect width=\"16.8235\" height=\"16.8235\" fill=\"white\" transform=\"translate(7.76465 7.76471)\"><\/rect><\/clipPath><\/defs><\/svg>\t\t\t\t<\/span>\n\t\t\t<\/div>\n\t\t\t\n\t\t\t\t\t\t<div class=\"elementor-icon-box-content\">\n\n\t\t\t\t\t\t\t\t\t<h3 class=\"elementor-icon-box-title\">\n\t\t\t\t\t\t<span  >\n\t\t\t\t\t\t\tTruca'ns\t\t\t\t\t\t<\/span>\n\t\t\t\t\t<\/h3>\n\t\t\t\t\n\t\t\t\t\n\t\t\t<\/div>\n\t\t\t\n\t\t<\/div>\n\t\t\t\t\t\t<\/div>\n\t\t\t\t<\/div>\n\t\t\t\t<div class=\"elementor-element elementor-element-7555f68 elementor-widget__width-initial elementor-widget elementor-widget-text-editor\" data-id=\"7555f68\" data-element_type=\"widget\" data-e-type=\"widget\" data-widget_type=\"text-editor.default\">\n\t\t\t\t<div class=\"elementor-widget-container\">\n\t\t\t\t\t\t\t\t\tTruca&#8217;ns sense comprom\u00eds.<br> <b>686 92 94 89<\/b>\t\t\t\t\t\t\t\t<\/div>\n\t\t\t\t<\/div>\n\t\t\t\t<\/div>\n\t\t\t\t<\/div>\n\t\t\t\t<\/div>\n\t\t\t\t\t<\/div>\n\t\t\t\t<\/div>\n\t\t\t\t<\/div>\n\t\t","protected":false},"excerpt":{"rendered":"<p>CONTACTE Agenda la teva cita o consulta amb facilitat a trav\u00e9s del formulari Escriu-nos Et facilitem el nostre correu electr\u00f2nic. akeafisios@gmail.com Visita&#8217;ns Vine a visitar el nostre centre. Carrer de Guifr\u00e9 el Pel\u00f3s, 18 bis, 08840 Viladecans, Barcelona Truca&#8217;ns Truca&#8217;ns sense comprom\u00eds. 686 92 94 89<\/p>\n","protected":false},"author":1,"featured_media":0,"parent":0,"menu_order":0,"comment_status":"closed","ping_status":"closed","template":"","meta":{"_acf_changed":false,"footnotes":""},"class_list":["post-852","page","type-page","status-publish","hentry"],"acf":[],"_links":{"self":[{"href":"https:\/\/akeafisios.com\/ca\/wp-json\/wp\/v2\/pages\/852","targetHints":{"allow":["GET"]}}],"collection":[{"href":"https:\/\/akeafisios.com\/ca\/wp-json\/wp\/v2\/pages"}],"about":[{"href":"https:\/\/akeafisios.com\/ca\/wp-json\/wp\/v2\/types\/page"}],"author":[{"embeddable":true,"href":"https:\/\/akeafisios.com\/ca\/wp-json\/wp\/v2\/users\/1"}],"replies":[{"embeddable":true,"href":"https:\/\/akeafisios.com\/ca\/wp-json\/wp\/v2\/comments?post=852"}],"version-history":[{"count":4,"href":"https:\/\/akeafisios.com\/ca\/wp-json\/wp\/v2\/pages\/852\/revisions"}],"predecessor-version":[{"id":967,"href":"https:\/\/akeafisios.com\/ca\/wp-json\/wp\/v2\/pages\/852\/revisions\/967"}],"wp:attachment":[{"href":"https:\/\/akeafisios.com\/ca\/wp-json\/wp\/v2\/media?parent=852"}],"curies":[{"name":"wp","href":"https:\/\/api.w.org\/{rel}","templated":true}]}}